{"id":5599,"date":"2025-09-09T10:42:07","date_gmt":"2025-09-09T10:42:07","guid":{"rendered":"https:\/\/kamp-glavotok.eu\/biciklisticke-i-pjesacke-staze\/"},"modified":"2025-12-23T13:27:22","modified_gmt":"2025-12-23T13:27:22","slug":"kolesarske-in-pohodniske-poti-na-otoku-krk","status":"publish","type":"page","link":"https:\/\/dev.kamp-glavotok.hr\/sl\/kolesarske-in-pohodniske-poti-na-otoku-krk\/","title":{"rendered":"Kolesarske in Pohodni\u0161ke Poti na Otoku Krk"},"content":{"rendered":"<div class=\"fusion-fullwidth fullwidth-box fusion-builder-row-1 fusion-flex-container has-pattern-background has-mask-background nonhundred-percent-fullwidth non-hundred-percent-height-scrolling\" style=\"--link_hover_color: var(--awb-color7);--link_color: var(--awb-color6);--awb-background-position:right top;--awb-background-blend-mode:overlay;--awb-border-color:var(--awb-color1);--awb-border-radius-top-left:0px;--awb-border-radius-top-right:0px;--awb-border-radius-bottom-right:0px;--awb-border-radius-bottom-left:0px;--awb-padding-top:100px;--awb-padding-bottom:90px;--awb-padding-top-medium:90px;--awb-padding-bottom-medium:90px;--awb-padding-top-small:65px;--awb-padding-bottom-small:55px;--awb-margin-bottom-medium:0px;--awb-background-color:var(--awb-color1);--awb-flex-wrap:wrap;\" ><div class=\"fusion-builder-row fusion-row fusion-flex-align-items-center fusion-flex-content-wrap\" style=\"max-width:1248px;margin-left: calc(-4% \/ 2 );margin-right: calc(-4% \/ 2 );\"><div class=\"fusion-layout-column fusion_builder_column fusion-builder-column-0 fusion-flex-column fusion-flex-align-self-center fusion-animated\" style=\"--awb-padding-top:25px;--awb-padding-bottom:25px;--awb-padding-bottom-medium:0px;--awb-padding-top-small:5px;--awb-bg-size:cover;--awb-width-large:48%;--awb-margin-top-large:0px;--awb-spacing-right-large:20px;--awb-margin-bottom-large:0px;--awb-spacing-left-large:4%;--awb-width-medium:60%;--awb-order-medium:0;--awb-spacing-right-medium:20px;--awb-spacing-left-medium:20px;--awb-width-small:100%;--awb-order-small:1;--awb-margin-top-small:0px;--awb-spacing-right-small:20px;--awb-spacing-left-small:2.4%;\" data-animationType=\"fadeInRight\" data-animationDuration=\"1.3\" data-animationOffset=\"top-into-view\"><div class=\"fusion-column-wrapper fusion-column-has-shadow fusion-flex-justify-content-flex-start fusion-content-layout-column\"><div class=\"fusion-title title fusion-title-1 fusion-no-small-visibility fusion-sep-none fusion-title-text fusion-title-size-two\" style=\"--awb-margin-bottom:30px;\"><h2 class=\"fusion-title-heading title-heading-left\" style=\"margin:0;\">Kolesarske in Pohodni\u0161ke Poti na Otoku Krk<\/h2><\/div><div class=\"fusion-title title fusion-title-2 fusion-no-medium-visibility fusion-no-large-visibility fusion-sep-none fusion-title-text fusion-title-size-two\" style=\"--awb-margin-bottom:30px;--awb-font-size:30px;\"><h2 class=\"fusion-title-heading title-heading-left\" style=\"margin:0;font-size:1em;\">Kolesarske in Pohodni\u0161ke Poti na Otoku Krk<\/h2><\/div><div class=\"fusion-text fusion-text-1 fusion-text-no-margin\" style=\"--awb-margin-bottom:10px;\"><p>Otok Krk ponuja razvejano mre\u017eo kolesarskih in pohodni\u0161kih poti, ki vodijo skozi o\u010darljive pokrajine \u2013 od slikovitih obalnih poti do mirnih gozdnih stez in polj, obdanih s suhozidi.<\/p>\n<p>S potmi razli\u010dnih te\u017eavnostnih stopenj je otok popolna destinacija za rekreativce in izku\u0161ene avanturiste. Na svojih poteh lahko odkrijete skrite zalive, zgodovinske znamenitosti in lokalne atrakcije ter u\u017eivate v mediteranski naravi in \u010dudovitih razgledih na morje.<\/p>\n<p>Kolesarske in pohodni\u0161ke poti na Krku ponujajo edinstveno prilo\u017enost za aktiven oddih in povezavo z naravo.<\/p>\n<\/div><ul style=\"--awb-size:17px;--awb-margin-bottom:0px;--awb-item-padding-top:12px;--awb-item-padding-right:20px;--awb-item-padding-left:0px;--awb-iconcolor:var(--awb-color6);--awb-line-height:28.9px;--awb-icon-width:28.9px;--awb-icon-height:28.9px;--awb-icon-margin:11.9px;--awb-content-margin:40.8px;\" class=\"fusion-checklist fusion-checklist-1 type-icons\" id=\"o-nama-checklista\"><li class=\"fusion-li-item\" style=\"--awb-iconcolor:var(--awb-color6);\"><span class=\"icon-wrapper circle-no\"><i class=\"fusion-li-icon icon-camping_direction\" aria-hidden=\"true\"><\/i><\/span><div class=\"fusion-li-item-content\">\n<p><a href=\"https:\/\/kamp-glavotok.eu\/wp-content\/uploads\/2025\/09\/Biciklisticke_rute_otoka_krka_sjever.pdf\" target=\"_blank\" rel=\"noopener\">Kolesarske Poti na Otoku Krk \u2013 Sever<\/a><\/p>\n<\/div><\/li><li class=\"fusion-li-item\" style=\"\"><span class=\"icon-wrapper circle-no\"><i class=\"fusion-li-icon icon-camping_direction\" aria-hidden=\"true\"><\/i><\/span><div class=\"fusion-li-item-content\">\n<p><a href=\"https:\/\/kamp-glavotok.eu\/wp-content\/uploads\/2025\/09\/Biciklisticke_rute_otoka_krka_jug.pdf\" target=\"_blank\" rel=\"noopener\">Kolesarske Poti na Otoku Krk \u2013 Jug<\/a><\/p>\n<\/div><\/li><li class=\"fusion-li-item\" style=\"\"><span class=\"icon-wrapper circle-no\"><i class=\"fusion-li-icon icon-camping_direction\" aria-hidden=\"true\"><\/i><\/span><div class=\"fusion-li-item-content\">\n<p><a href=\"https:\/\/kamp-glavotok.eu\/wp-content\/uploads\/2025\/09\/Pjesacke_staze_otoka_krka_sjever.pdf\" target=\"_blank\" rel=\"noopener\">Pohodni\u0161ke Poti na Otoku Krk \u2013 Sever<\/a><\/p>\n<\/div><\/li><li class=\"fusion-li-item\" style=\"\"><span class=\"icon-wrapper circle-no\"><i class=\"fusion-li-icon icon-camping_direction\" aria-hidden=\"true\"><\/i><\/span><div class=\"fusion-li-item-content\">\n<p><a href=\"https:\/\/kamp-glavotok.eu\/wp-content\/uploads\/2025\/09\/Pjesacke_staze_otoka_krka_jug.pdf\" target=\"_blank\" rel=\"noopener\">Pohodni\u0161ke Poti na Otoku Krk \u2013 Jug<\/a><\/p>\n<\/div><\/li><\/ul><\/div><\/div><div class=\"fusion-layout-column fusion_builder_column fusion-builder-column-1 fusion-flex-column fusion-flex-align-self-stretch\" style=\"--awb-padding-top-small:0px;--awb-padding-bottom-small:0px;--awb-bg-position:center center;--awb-bg-size:cover;--awb-width-large:52%;--awb-margin-top-large:0px;--awb-spacing-right-large:3.6923076923077%;--awb-margin-bottom-large:0px;--awb-spacing-left-large:72px;--awb-width-medium:40%;--awb-order-medium:0;--awb-spacing-right-medium:70px;--awb-spacing-left-medium:72px;--awb-width-small:100%;--awb-order-small:0;--awb-spacing-right-small:1.92%;--awb-margin-bottom-small:20px;--awb-spacing-left-small:1.92%;\" data-scroll-devices=\"small-visibility,medium-visibility,large-visibility\"><div class=\"fusion-column-wrapper lazyload fusion-column-has-shadow fusion-flex-justify-content-flex-start fusion-content-layout-column fusion-empty-column-bg-image fusion-column-has-bg-image\" data-bg-url=\"https:\/\/kamp-glavotok.eu\/wp-content\/uploads\/2025\/09\/biciklisticke-i-pjesake-staze.jpg\" data-bg=\"https:\/\/kamp-glavotok.eu\/wp-content\/uploads\/2025\/09\/biciklisticke-i-pjesake-staze.jpg\"><img decoding=\"async\" class=\"fusion-empty-dims-img-placeholder\" aria-label=\"Mother and daughter riding bicycle at the park\" src=\"data:image\/svg+xml,%3Csvg%20xmlns%3D%27http%3A%2F%2Fwww.w3.org%2F2000%2Fsvg%27%20width%3D%271280%27%20height%3D%271920%27%20viewBox%3D%270%200%201280%201920%27%3E%3Crect%20width%3D%271280%27%20height%3D%271920%27%20fill-opacity%3D%220%22%2F%3E%3C%2Fsvg%3E\"><\/div><\/div><\/div><\/div>\n","protected":false},"excerpt":{"rendered":"","protected":false},"author":1,"featured_media":0,"parent":0,"menu_order":0,"comment_status":"closed","ping_status":"closed","template":"100-width.php","meta":{"_acf_changed":false,"footnotes":""},"class_list":["post-5599","page","type-page","status-publish","hentry"],"acf":[],"yoast_head":"<!-- This site is optimized with the Yoast SEO plugin v26.9 - https:\/\/yoast.com\/product\/yoast-seo-wordpress\/ -->\n<title>Kolesarske in Pohodni\u0161ke Poti na Otoku Krk - Glavotok<\/title>\n<meta name=\"robots\" content=\"index, follow, max-snippet:-1, max-image-preview:large, max-video-preview:-1\" \/>\n<link rel=\"canonical\" href=\"https:\/\/dev.kamp-glavotok.hr\/biciklisticke-i-pjesacke-staze\/\" \/>\n<meta property=\"og:locale\" content=\"sl_SI\" \/>\n<meta property=\"og:type\" content=\"article\" \/>\n<meta property=\"og:title\" content=\"Kolesarske in Pohodni\u0161ke Poti na Otoku Krk - Glavotok\" \/>\n<meta property=\"og:url\" content=\"https:\/\/dev.kamp-glavotok.hr\/biciklisticke-i-pjesacke-staze\/\" \/>\n<meta property=\"og:site_name\" content=\"Glavotok\" \/>\n<meta property=\"article:modified_time\" content=\"2025-12-23T13:27:22+00:00\" \/>\n<meta name=\"twitter:card\" content=\"summary_large_image\" \/>\n<meta name=\"twitter:label1\" content=\"Est. reading time\" \/>\n\t<meta name=\"twitter:data1\" content=\"9 minut\" \/>\n<script type=\"application\/ld+json\" class=\"yoast-schema-graph\">{\"@context\":\"https:\/\/schema.org\",\"@graph\":[{\"@type\":\"WebPage\",\"@id\":\"https:\/\/dev.kamp-glavotok.hr\/biciklisticke-i-pjesacke-staze\/\",\"url\":\"https:\/\/dev.kamp-glavotok.hr\/biciklisticke-i-pjesacke-staze\/\",\"name\":\"Kolesarske in Pohodni\u0161ke Poti na Otoku Krk - Glavotok\",\"isPartOf\":{\"@id\":\"https:\/\/dev.kamp-glavotok.hr\/#website\"},\"datePublished\":\"2025-09-09T10:42:07+00:00\",\"dateModified\":\"2025-12-23T13:27:22+00:00\",\"breadcrumb\":{\"@id\":\"https:\/\/dev.kamp-glavotok.hr\/biciklisticke-i-pjesacke-staze\/#breadcrumb\"},\"inLanguage\":\"sl-SI\",\"potentialAction\":[{\"@type\":\"ReadAction\",\"target\":[\"https:\/\/dev.kamp-glavotok.hr\/biciklisticke-i-pjesacke-staze\/\"]}]},{\"@type\":\"BreadcrumbList\",\"@id\":\"https:\/\/dev.kamp-glavotok.hr\/biciklisticke-i-pjesacke-staze\/#breadcrumb\",\"itemListElement\":[{\"@type\":\"ListItem\",\"position\":1,\"name\":\"Po\u010detna stranica\",\"item\":\"https:\/\/dev.kamp-glavotok.hr\/\"},{\"@type\":\"ListItem\",\"position\":2,\"name\":\"Kolesarske in Pohodni\u0161ke Poti na Otoku Krk\"}]},{\"@type\":\"WebSite\",\"@id\":\"https:\/\/dev.kamp-glavotok.hr\/#website\",\"url\":\"https:\/\/dev.kamp-glavotok.hr\/\",\"name\":\"Glavotok\",\"description\":\"Premium green camp\",\"potentialAction\":[{\"@type\":\"SearchAction\",\"target\":{\"@type\":\"EntryPoint\",\"urlTemplate\":\"https:\/\/dev.kamp-glavotok.hr\/?s={search_term_string}\"},\"query-input\":{\"@type\":\"PropertyValueSpecification\",\"valueRequired\":true,\"valueName\":\"search_term_string\"}}],\"inLanguage\":\"sl-SI\"}]}<\/script>\n<!-- \/ Yoast SEO plugin. -->","yoast_head_json":{"title":"Kolesarske in Pohodni\u0161ke Poti na Otoku Krk - Glavotok","robots":{"index":"index","follow":"follow","max-snippet":"max-snippet:-1","max-image-preview":"max-image-preview:large","max-video-preview":"max-video-preview:-1"},"canonical":"https:\/\/dev.kamp-glavotok.hr\/biciklisticke-i-pjesacke-staze\/","og_locale":"sl_SI","og_type":"article","og_title":"Kolesarske in Pohodni\u0161ke Poti na Otoku Krk - Glavotok","og_url":"https:\/\/dev.kamp-glavotok.hr\/biciklisticke-i-pjesacke-staze\/","og_site_name":"Glavotok","article_modified_time":"2025-12-23T13:27:22+00:00","twitter_card":"summary_large_image","twitter_misc":{"Est. reading time":"9 minut"},"schema":{"@context":"https:\/\/schema.org","@graph":[{"@type":"WebPage","@id":"https:\/\/dev.kamp-glavotok.hr\/biciklisticke-i-pjesacke-staze\/","url":"https:\/\/dev.kamp-glavotok.hr\/biciklisticke-i-pjesacke-staze\/","name":"Kolesarske in Pohodni\u0161ke Poti na Otoku Krk - Glavotok","isPartOf":{"@id":"https:\/\/dev.kamp-glavotok.hr\/#website"},"datePublished":"2025-09-09T10:42:07+00:00","dateModified":"2025-12-23T13:27:22+00:00","breadcrumb":{"@id":"https:\/\/dev.kamp-glavotok.hr\/biciklisticke-i-pjesacke-staze\/#breadcrumb"},"inLanguage":"sl-SI","potentialAction":[{"@type":"ReadAction","target":["https:\/\/dev.kamp-glavotok.hr\/biciklisticke-i-pjesacke-staze\/"]}]},{"@type":"BreadcrumbList","@id":"https:\/\/dev.kamp-glavotok.hr\/biciklisticke-i-pjesacke-staze\/#breadcrumb","itemListElement":[{"@type":"ListItem","position":1,"name":"Po\u010detna stranica","item":"https:\/\/dev.kamp-glavotok.hr\/"},{"@type":"ListItem","position":2,"name":"Kolesarske in Pohodni\u0161ke Poti na Otoku Krk"}]},{"@type":"WebSite","@id":"https:\/\/dev.kamp-glavotok.hr\/#website","url":"https:\/\/dev.kamp-glavotok.hr\/","name":"Glavotok","description":"Premium green camp","potentialAction":[{"@type":"SearchAction","target":{"@type":"EntryPoint","urlTemplate":"https:\/\/dev.kamp-glavotok.hr\/?s={search_term_string}"},"query-input":{"@type":"PropertyValueSpecification","valueRequired":true,"valueName":"search_term_string"}}],"inLanguage":"sl-SI"}]}},"_links":{"self":[{"href":"https:\/\/dev.kamp-glavotok.hr\/sl\/wp-json\/wp\/v2\/pages\/5599","targetHints":{"allow":["GET"]}}],"collection":[{"href":"https:\/\/dev.kamp-glavotok.hr\/sl\/wp-json\/wp\/v2\/pages"}],"about":[{"href":"https:\/\/dev.kamp-glavotok.hr\/sl\/wp-json\/wp\/v2\/types\/page"}],"author":[{"embeddable":true,"href":"https:\/\/dev.kamp-glavotok.hr\/sl\/wp-json\/wp\/v2\/users\/1"}],"replies":[{"embeddable":true,"href":"https:\/\/dev.kamp-glavotok.hr\/sl\/wp-json\/wp\/v2\/comments?post=5599"}],"version-history":[{"count":2,"href":"https:\/\/dev.kamp-glavotok.hr\/sl\/wp-json\/wp\/v2\/pages\/5599\/revisions"}],"predecessor-version":[{"id":5641,"href":"https:\/\/dev.kamp-glavotok.hr\/sl\/wp-json\/wp\/v2\/pages\/5599\/revisions\/5641"}],"wp:attachment":[{"href":"https:\/\/dev.kamp-glavotok.hr\/sl\/wp-json\/wp\/v2\/media?parent=5599"}],"curies":[{"name":"wp","href":"https:\/\/api.w.org\/{rel}","templated":true}]}}