{"id":6404,"date":"2021-03-13T06:53:05","date_gmt":"2021-03-13T06:53:05","guid":{"rendered":"https:\/\/kamp-glavotok.eu\/izjava-o-privatnosti\/"},"modified":"2025-12-24T10:35:23","modified_gmt":"2025-12-24T10:35:23","slug":"aussage-ueber-den-datenschutz-den-schutz-der-privatsphaere","status":"publish","type":"page","link":"https:\/\/dev.kamp-glavotok.hr\/de\/aussage-ueber-den-datenschutz-den-schutz-der-privatsphaere\/","title":{"rendered":"Aussage \u00fcber den Datenschutz\/den Schutz der Privatsph\u00e4re"},"content":{"rendered":"<div class=\"fusion-fullwidth fullwidth-box fusion-builder-row-1 fusion-flex-container nonhundred-percent-fullwidth non-hundred-percent-height-scrolling\" style=\"--awb-border-radius-top-left:0px;--awb-border-radius-top-right:0px;--awb-border-radius-bottom-right:0px;--awb-border-radius-bottom-left:0px;--awb-flex-wrap:wrap;\" ><div class=\"fusion-builder-row fusion-row fusion-flex-align-items-flex-start fusion-flex-content-wrap\" style=\"max-width:1248px;margin-left: calc(-4% \/ 2 );margin-right: calc(-4% \/ 2 );\"><div class=\"fusion-layout-column fusion_builder_column fusion-builder-column-0 fusion_builder_column_1_6 1_6 fusion-flex-column\" style=\"--awb-bg-blend:overlay;--awb-bg-size:cover;--awb-width-large:16.666666666667%;--awb-margin-top-large:0px;--awb-spacing-right-large:11.52%;--awb-margin-bottom-large:20px;--awb-spacing-left-large:11.52%;--awb-width-medium:16.666666666667%;--awb-spacing-right-medium:11.52%;--awb-spacing-left-medium:11.52%;--awb-width-small:100%;--awb-spacing-right-small:1.92%;--awb-spacing-left-small:1.92%;\"><div class=\"fusion-column-wrapper fusion-flex-justify-content-flex-start fusion-content-layout-column\"><\/div><\/div><div class=\"fusion-layout-column fusion_builder_column fusion-builder-column-1 fusion_builder_column_2_3 2_3 fusion-flex-column\" style=\"--awb-bg-blend:overlay;--awb-bg-size:cover;--awb-width-large:66.666666666667%;--awb-margin-top-large:0px;--awb-spacing-right-large:2.88%;--awb-margin-bottom-large:20px;--awb-spacing-left-large:2.88%;--awb-width-medium:66.666666666667%;--awb-spacing-right-medium:2.88%;--awb-spacing-left-medium:2.88%;--awb-width-small:100%;--awb-spacing-right-small:1.92%;--awb-spacing-left-small:1.92%;\"><div class=\"fusion-column-wrapper fusion-flex-justify-content-flex-start fusion-content-layout-column\"><div class=\"fusion-title title fusion-title-1 fusion-sep-none fusion-title-text fusion-title-size-one\" style=\"--awb-margin-bottom:40px;--awb-margin-bottom-small:30px;--awb-font-size:28px;\"><h1 class=\"fusion-title-heading title-heading-left\" style=\"margin:0;font-size:1em;\">Aussage \u00fcber den Datenschutz\/den Schutz der Privatsph\u00e4re<\/h1><\/div><div class=\"fusion-text fusion-text-1 sm-text-align-left\" style=\"--awb-content-alignment:justify;--awb-text-transform:none;\"><p>Die Gesellschaft Glavotok d.o.o. sch\u00fctzt ihre Privatsph\u00e4re und entwickelt die Technologie, welche Ihnen die beste und sicherste Art und Weise der Internet-Nutzung erm\u00f6glicht. Dieses Dokument bezieht sich auf die Web-Seite\u00a0<a href=\"http:\/\/www.dev.kamp-glavotok.hr\/\">www.dev.kamp-glavotok.hr<\/a>,\u00a0und es steuert die Art und Weise der Datensammlung und ihre Nutzung.<\/p>\n<p>Um uns helfen zu k\u00f6nnen, Ihre Privatsph\u00e4re zu sch\u00fctzen, lesen Sie bitte zur G\u00e4nze diesen Text, damit Sie verstehen k\u00f6nnen, welche Informationen wir \u00fcber Sie sammeln, und auf welche Art und Weise wir diese Informationen nutzen. Alle Fragen im Zusammenhang mit der Vertraulichkeit von Daten k\u00f6nnen Sie auf die e-mail-Anschrift senden:\u00a0<a href=\"mailto:info@dev.kamp-glavotok.hr\">info@dev.kamp-glavotok.hr<\/a><\/p>\n<p><b>Sammeln von pers\u00f6nlichen Daten<\/b><b><\/b><\/p>\n<p>Die Gesellschaft Glavotok d.o.o. sammelt die pers\u00f6nlichen Daten, wie z.B. e-mail-Anschrift, Name, Hausanschrift oder Gesch\u00e4ftsanschrift oder die Telefonnummer. Glavotok d.o.o. sammelt auch die anonymen demographischen Daten, welche nicht einheitlich sind, wie z.B. Alter, Geschlecht, Vorlieben oder Interessen.<\/p>\n<p>Die Gesellschaft Glavotok d.o.o. sammelt auch automatisch die Daten \u00fcber die Hardware oder Software Ihres Rechners: Diese Daten k\u00f6nnen folgendes enthalten: Ihre IP-Anschrift, Typ des Browsers, Name der Dom\u00e4ne, Zeit des Zutritts, sowie die Anschriften von Web-Seiten. Die Gesellschaft Glavotok d.o.o. nutzt diese Daten, damit sie ihre Dienstleistungen anbieten kann, damit sie ihre Qualit\u00e4t aufrechterhalten kann, sowie damit sie allgemeine statistischen Daten erhalten kann, welche mit der Nutzung der Web-Seite verbunden sind.<\/p>\n<p><b>Die Verwendung von Cookies<\/b><b><\/b><\/p>\n<p>Die Web-Seite Glavotok d.o.o. nutzt die Cookie-Dateien, um Ihre Nutzung des Internets Ihren Bed\u00fcrfnissen anzupassen. Cookie ist die textuelle Datei, welche vom Server der Web-Seite auf ihre Hardware gespeichert wird. Die Cookie-Dateien k\u00f6nnen nicht genutzt werden, um Programme zu starten oder die Viren in Ihren Computer einzubringen. Die Cookie-Dateien werden einzeln zugeteilt, und sie k\u00f6nnen nur vom Server der Web-Seite gelesen werden, und zwar in der Dom\u00e4ne, von welcher eine solche Datei gespeichert wird.<\/p>\n<p><b>Zweck von Cookies<\/b><b><\/b><\/p>\n<p>Wenn Sie den Zutritt zur einzelnen Seite verwirklichen, senden wir Ihnen die Cookies, welche auf Ihrem Computer gespeichert werden, und welche zur Aufzeichnung von Informationen \u00fcber Ihre vorigen Besuche dienen (z.B. wie oft Sie den Zutritt zu diesen Seiten hatten, und \u00e4hnliches). Dies bedeutet, dass wir im Fall von jedem folgenden Zutritt zu Ihrer Web-Seite Ihren Cookie suchen werden, damit wir die Daten lesen k\u00f6nnen, welche im Cookie aufgezeichnet wurden. Cookie enth\u00e4lt nicht Ihre pers\u00f6nlichen Daten, sondern erm\u00f6glicht schnellere und effizientere Aktivierung von Informationen, Daten und Settings, welche Sie bereits vorhin bei dem Zutritt und der Nutzung der Web-Seite mitgeteilt haben. Den Zugang zu unseren Cookies auf Ihrem Computer kann nicht irgendeine Web-Seite haben, welche kein Teil unserer Web-Seite ist.<\/p>\n<p>Die Gesellschaft Glavotok d.o.o. begleitet die statistischen Besuche auf ihren Web-Seiten, und zwar ausschlie\u00dflich zwecks des Erhalts der erforderlichen Informationen \u00fcber die Attraktivit\u00e4t und den Erfolg ihrer Seiten. Dabei nutzt die Gesellschaft Glavotok d.o.o. die Dienstleistungen von Dritten unter der Bezeichnung Google Analytics. Eingehende Informationen der dritten Partei \u00fcber diese Dienstleistung, sowie \u00fcber die M\u00f6glichkeiten der Benutzer, die Settings der Cookies\u00a0\u00a0zu regeln, die zu diesem Zweck erforderlich sind, sind auf der folgenden Anschrift zug\u00e4nglich:\u00a0<a href=\"http:\/\/www.google.com\/analytics\/learn\/privacy.html\">http:\/\/www.google.com\/analytics\/learn\/privacy.html<\/a>.<\/p>\n<p><b>Verbot, welches sich auf die Cookies bezieht<\/b><b><\/b><\/p>\n<p>Sollten Sie nicht mit der Nutzung von Cookies einverstanden sein, k\u00f6nnen Sie sie leicht auf Ihrem Computer l\u00f6schen (oder verhindern, dass sie erscheinen), so dass Sie diese M\u00f6glichkeit im Men\u00fc Tools\/Optionen (Tools\/Options) in Ihrem Browser ausw\u00e4hlen. Die zus\u00e4tzlichen Informationen \u00fcber die Steuerung von Cookies sind auf den Seiten des Browsers, welcher von Ihnen genutzt wird, oder auf der Seite\u00a0\u00a0<a href=\"http:\/\/www.allaboutcookies.org\/\">www.allaboutcookies.org<\/a>\u00a0zug\u00e4nglich.<\/p>\n<p><b>Nutzung von Ihren pers\u00f6nlichen Daten<\/b><b><\/b><\/p>\n<p>Die Gesellschaft Glavotok d.o.o. sammelt Ihre pers\u00f6nlichen Daten und nutzt diese Daten, um die Web-Seite aufrechtzuerhalten und f\u00fcr Sie die Dienstleistungen zu erbringen, welche Sie fordern. Ihre pers\u00f6nlichen Daten werden auch zum Zweck genutzt, um Sie \u00fcber andere Produkte oder Dienstleistungen zu informieren, welche von der Gesellschaft Glavotok d.o.o. erbracht werden.<\/p>\n<p>Die Gesellschaft Glavotok d.o.o. wird die Daten nicht an Dritte weiterleiten. Die Gesellschaft Glavotok d.o.o. wird die Verzeichnisse von Benutzern nicht den Dritten verkaufen oder vermieten, au\u00dfer wenn sie ihre Erlaubnis hat. Die Gesellschaft Glavotok d.o.o. darf Sie zeitweise im Namen von Au\u00dfengesch\u00e4ftspartnern im Zusammenhang mit einem bestimmten Angebot kontaktieren, an welchem Sie Interesse haben k\u00f6nnten. Solchen dritten Personen wird es nicht erlaubt sein, Ihre pers\u00f6nlichen Daten zu nutzen, au\u00dfer zwecks der Erbringung von diesen Dienstleistungen an die Gesellschaft Glavotok d.o.o., und dritte Personen werden verpflichtet sein, die Daten als ein Gesch\u00e4ftsgeheimnis zu h\u00fcten.<\/p>\n<p><b>Sicherheit von Ihren pers\u00f6nlichen Daten\u00a0<\/b><b><\/b><\/p>\n<p>Die Gesellschaft Glavotok d.o.o. sch\u00fctzt ihre pers\u00f6nlichen Daten gegen den unbefugten Zutritt, die unbefugte Nutzung oder die Enth\u00fcllung. Wenn die pers\u00f6nlichen Informationen (wie die Nummer Ihrer Kreditkarte) \u00fcber die Web-Seite \u00fcbertragen werden, werden Sie mit der Schutzverschl\u00fcsselung gesch\u00fctzt, wie z.B. Secure Socket Layer (SSL).<\/p>\n<p>Ihre pers\u00f6nlichen Daten werden auf dem Server aufbewahrt, zu welchem nur die ausgew\u00e4hlten Personen und die Unternehmen, von welchem die Dienstleistungen erbracht werden, den Zutritt haben.<\/p>\n<p>Andere Internet-Seiten, zu welchen man den Zutritt mittels unserer Internet-Seiten hat, haben ihre eigenen Aussagen \u00fcber der Schutz von pers\u00f6nlichen Daten, sowie \u00fcber das Sammeln von Daten und die Art und Weise der Nutzung und Ver\u00f6ffentlichung auf den Internet-Seiten, und die Gesellschaft Glavotok d.o.o. ist nicht verantwortlich f\u00fcr die Art und Weise und die Bedingungen des Sammelns und der Verarbeitung seitens von dritten Personen.<\/p>\n<\/div><\/div><\/div><div class=\"fusion-layout-column fusion_builder_column fusion-builder-column-2 fusion_builder_column_1_6 1_6 fusion-flex-column\" style=\"--awb-bg-blend:overlay;--awb-bg-size:cover;--awb-width-large:16.666666666667%;--awb-margin-top-large:0px;--awb-spacing-right-large:11.52%;--awb-margin-bottom-large:20px;--awb-spacing-left-large:11.52%;--awb-width-medium:16.666666666667%;--awb-spacing-right-medium:11.52%;--awb-spacing-left-medium:11.52%;--awb-width-small:100%;--awb-spacing-right-small:1.92%;--awb-spacing-left-small:1.92%;\"><div class=\"fusion-column-wrapper fusion-flex-justify-content-flex-start fusion-content-layout-column\"><\/div><\/div><\/div><\/div>\n","protected":false},"excerpt":{"rendered":"","protected":false},"author":1,"featured_media":0,"parent":0,"menu_order":0,"comment_status":"closed","ping_status":"open","template":"","meta":{"_acf_changed":false,"footnotes":""},"class_list":["post-6404","page","type-page","status-publish","hentry"],"acf":[],"yoast_head":"<!-- This site is optimized with the Yoast SEO plugin v26.9 - https:\/\/yoast.com\/product\/yoast-seo-wordpress\/ -->\n<title>Aussage \u00fcber den Datenschutz\/den Schutz der Privatsph\u00e4re - Glavotok<\/title>\n<meta name=\"robots\" content=\"index, follow, max-snippet:-1, max-image-preview:large, max-video-preview:-1\" \/>\n<link rel=\"canonical\" href=\"https:\/\/dev.kamp-glavotok.hr\/izjava-o-privatnosti\/\" \/>\n<meta property=\"og:locale\" content=\"de_DE\" \/>\n<meta property=\"og:type\" content=\"article\" \/>\n<meta property=\"og:title\" content=\"Aussage \u00fcber den Datenschutz\/den Schutz der Privatsph\u00e4re - Glavotok\" \/>\n<meta property=\"og:url\" content=\"https:\/\/dev.kamp-glavotok.hr\/izjava-o-privatnosti\/\" \/>\n<meta property=\"og:site_name\" content=\"Glavotok\" \/>\n<meta property=\"article:modified_time\" content=\"2025-12-24T10:35:23+00:00\" \/>\n<meta name=\"twitter:card\" content=\"summary_large_image\" \/>\n<meta name=\"twitter:label1\" content=\"Gesch\u00e4tzte Lesezeit\" \/>\n\t<meta name=\"twitter:data1\" content=\"8\u00a0Minuten\" \/>\n<script type=\"application\/ld+json\" class=\"yoast-schema-graph\">{\"@context\":\"https:\/\/schema.org\",\"@graph\":[{\"@type\":\"WebPage\",\"@id\":\"https:\/\/dev.kamp-glavotok.hr\/izjava-o-privatnosti\/\",\"url\":\"https:\/\/dev.kamp-glavotok.hr\/izjava-o-privatnosti\/\",\"name\":\"Aussage \u00fcber den Datenschutz\/den Schutz der Privatsph\u00e4re - Glavotok\",\"isPartOf\":{\"@id\":\"https:\/\/dev.kamp-glavotok.hr\/#website\"},\"datePublished\":\"2021-03-13T06:53:05+00:00\",\"dateModified\":\"2025-12-24T10:35:23+00:00\",\"breadcrumb\":{\"@id\":\"https:\/\/dev.kamp-glavotok.hr\/izjava-o-privatnosti\/#breadcrumb\"},\"inLanguage\":\"de\",\"potentialAction\":[{\"@type\":\"ReadAction\",\"target\":[\"https:\/\/dev.kamp-glavotok.hr\/izjava-o-privatnosti\/\"]}]},{\"@type\":\"BreadcrumbList\",\"@id\":\"https:\/\/dev.kamp-glavotok.hr\/izjava-o-privatnosti\/#breadcrumb\",\"itemListElement\":[{\"@type\":\"ListItem\",\"position\":1,\"name\":\"Po\u010detna stranica\",\"item\":\"https:\/\/dev.kamp-glavotok.hr\/\"},{\"@type\":\"ListItem\",\"position\":2,\"name\":\"Aussage \u00fcber den Datenschutz\/den Schutz der Privatsph\u00e4re\"}]},{\"@type\":\"WebSite\",\"@id\":\"https:\/\/dev.kamp-glavotok.hr\/#website\",\"url\":\"https:\/\/dev.kamp-glavotok.hr\/\",\"name\":\"Glavotok\",\"description\":\"Premium green camp\",\"potentialAction\":[{\"@type\":\"SearchAction\",\"target\":{\"@type\":\"EntryPoint\",\"urlTemplate\":\"https:\/\/dev.kamp-glavotok.hr\/?s={search_term_string}\"},\"query-input\":{\"@type\":\"PropertyValueSpecification\",\"valueRequired\":true,\"valueName\":\"search_term_string\"}}],\"inLanguage\":\"de\"}]}<\/script>\n<!-- \/ Yoast SEO plugin. -->","yoast_head_json":{"title":"Aussage \u00fcber den Datenschutz\/den Schutz der Privatsph\u00e4re - Glavotok","robots":{"index":"index","follow":"follow","max-snippet":"max-snippet:-1","max-image-preview":"max-image-preview:large","max-video-preview":"max-video-preview:-1"},"canonical":"https:\/\/dev.kamp-glavotok.hr\/izjava-o-privatnosti\/","og_locale":"de_DE","og_type":"article","og_title":"Aussage \u00fcber den Datenschutz\/den Schutz der Privatsph\u00e4re - Glavotok","og_url":"https:\/\/dev.kamp-glavotok.hr\/izjava-o-privatnosti\/","og_site_name":"Glavotok","article_modified_time":"2025-12-24T10:35:23+00:00","twitter_card":"summary_large_image","twitter_misc":{"Gesch\u00e4tzte Lesezeit":"8\u00a0Minuten"},"schema":{"@context":"https:\/\/schema.org","@graph":[{"@type":"WebPage","@id":"https:\/\/dev.kamp-glavotok.hr\/izjava-o-privatnosti\/","url":"https:\/\/dev.kamp-glavotok.hr\/izjava-o-privatnosti\/","name":"Aussage \u00fcber den Datenschutz\/den Schutz der Privatsph\u00e4re - Glavotok","isPartOf":{"@id":"https:\/\/dev.kamp-glavotok.hr\/#website"},"datePublished":"2021-03-13T06:53:05+00:00","dateModified":"2025-12-24T10:35:23+00:00","breadcrumb":{"@id":"https:\/\/dev.kamp-glavotok.hr\/izjava-o-privatnosti\/#breadcrumb"},"inLanguage":"de","potentialAction":[{"@type":"ReadAction","target":["https:\/\/dev.kamp-glavotok.hr\/izjava-o-privatnosti\/"]}]},{"@type":"BreadcrumbList","@id":"https:\/\/dev.kamp-glavotok.hr\/izjava-o-privatnosti\/#breadcrumb","itemListElement":[{"@type":"ListItem","position":1,"name":"Po\u010detna stranica","item":"https:\/\/dev.kamp-glavotok.hr\/"},{"@type":"ListItem","position":2,"name":"Aussage \u00fcber den Datenschutz\/den Schutz der Privatsph\u00e4re"}]},{"@type":"WebSite","@id":"https:\/\/dev.kamp-glavotok.hr\/#website","url":"https:\/\/dev.kamp-glavotok.hr\/","name":"Glavotok","description":"Premium green camp","potentialAction":[{"@type":"SearchAction","target":{"@type":"EntryPoint","urlTemplate":"https:\/\/dev.kamp-glavotok.hr\/?s={search_term_string}"},"query-input":{"@type":"PropertyValueSpecification","valueRequired":true,"valueName":"search_term_string"}}],"inLanguage":"de"}]}},"_links":{"self":[{"href":"https:\/\/dev.kamp-glavotok.hr\/de\/wp-json\/wp\/v2\/pages\/6404","targetHints":{"allow":["GET"]}}],"collection":[{"href":"https:\/\/dev.kamp-glavotok.hr\/de\/wp-json\/wp\/v2\/pages"}],"about":[{"href":"https:\/\/dev.kamp-glavotok.hr\/de\/wp-json\/wp\/v2\/types\/page"}],"author":[{"embeddable":true,"href":"https:\/\/dev.kamp-glavotok.hr\/de\/wp-json\/wp\/v2\/users\/1"}],"replies":[{"embeddable":true,"href":"https:\/\/dev.kamp-glavotok.hr\/de\/wp-json\/wp\/v2\/comments?post=6404"}],"version-history":[{"count":1,"href":"https:\/\/dev.kamp-glavotok.hr\/de\/wp-json\/wp\/v2\/pages\/6404\/revisions"}],"predecessor-version":[{"id":6408,"href":"https:\/\/dev.kamp-glavotok.hr\/de\/wp-json\/wp\/v2\/pages\/6404\/revisions\/6408"}],"wp:attachment":[{"href":"https:\/\/dev.kamp-glavotok.hr\/de\/wp-json\/wp\/v2\/media?parent=6404"}],"curies":[{"name":"wp","href":"https:\/\/api.w.org\/{rel}","templated":true}]}}