{"id":6397,"date":"2025-08-20T13:33:10","date_gmt":"2025-08-20T13:33:10","guid":{"rendered":"https:\/\/kamp-glavotok.eu\/izjava-o-pristupacnosti\/"},"modified":"2025-12-24T10:29:05","modified_gmt":"2025-12-24T10:29:05","slug":"erklaerung-zur-barrierefreiheit","status":"publish","type":"page","link":"https:\/\/dev.kamp-glavotok.hr\/de\/erklaerung-zur-barrierefreiheit\/","title":{"rendered":"Erkl\u00e4rung zur Barrierefreiheit"},"content":{"rendered":"<div class=\"fusion-fullwidth fullwidth-box fusion-builder-row-1 fusion-flex-container nonhundred-percent-fullwidth non-hundred-percent-height-scrolling\" style=\"--awb-border-radius-top-left:0px;--awb-border-radius-top-right:0px;--awb-border-radius-bottom-right:0px;--awb-border-radius-bottom-left:0px;--awb-flex-wrap:wrap;\" ><div class=\"fusion-builder-row fusion-row fusion-flex-align-items-flex-start fusion-flex-content-wrap\" style=\"max-width:1248px;margin-left: calc(-4% \/ 2 );margin-right: calc(-4% \/ 2 );\"><div class=\"fusion-layout-column fusion_builder_column fusion-builder-column-0 fusion_builder_column_1_6 1_6 fusion-flex-column\" style=\"--awb-bg-blend:overlay;--awb-bg-size:cover;--awb-width-large:16.666666666667%;--awb-margin-top-large:0px;--awb-spacing-right-large:11.52%;--awb-margin-bottom-large:20px;--awb-spacing-left-large:11.52%;--awb-width-medium:16.666666666667%;--awb-spacing-right-medium:11.52%;--awb-spacing-left-medium:11.52%;--awb-width-small:100%;--awb-spacing-right-small:1.92%;--awb-spacing-left-small:1.92%;\"><div class=\"fusion-column-wrapper fusion-flex-justify-content-flex-start fusion-content-layout-column\"><\/div><\/div><div class=\"fusion-layout-column fusion_builder_column fusion-builder-column-1 fusion_builder_column_2_3 2_3 fusion-flex-column\" style=\"--awb-bg-blend:overlay;--awb-bg-size:cover;--awb-width-large:66.666666666667%;--awb-margin-top-large:0px;--awb-spacing-right-large:2.88%;--awb-margin-bottom-large:20px;--awb-spacing-left-large:2.88%;--awb-width-medium:66.666666666667%;--awb-spacing-right-medium:2.88%;--awb-spacing-left-medium:2.88%;--awb-width-small:100%;--awb-spacing-right-small:1.92%;--awb-spacing-left-small:1.92%;\"><div class=\"fusion-column-wrapper fusion-flex-justify-content-flex-start fusion-content-layout-column\"><div class=\"fusion-title title fusion-title-1 fusion-sep-none fusion-title-text fusion-title-size-one\" style=\"--awb-margin-bottom:40px;--awb-margin-bottom-small:30px;--awb-font-size:28px;\"><h1 class=\"fusion-title-heading title-heading-left\" style=\"margin:0;font-size:1em;\">Erkl\u00e4rung zur Barrierefreiheit<\/h1><\/div><div class=\"fusion-text fusion-text-1 sm-text-align-left\" style=\"--awb-content-alignment:justify;--awb-text-transform:none;\"><p>Gem\u00e4\u00df Artikel 9 des Gesetzes \u00fcber den barrierefreien Zugang zu den Websites und mobilen Anwendungen \u00f6ffentlicher Stellen (Amtsblatt \u201eNarodne novine\u201c, Nr. 17\/19) und in \u00dcbereinstimmung mit den Richtlinien der Web Accessibility Initiative (WAI) zur Gew\u00e4hrleistung der Barrierefreiheit von Webinhalten, gibt<\/p>\n<p>Glavotok d.o.o.,<span class=\"Apple-converted-space\">\u00a0<\/span><\/p>\n<p>Glavotok 4, 51500 Krk, Kroatien,<span class=\"Apple-converted-space\">\u00a0<\/span><\/p>\n<p>folgende ERKL\u00c4RUNG ZUR BARRIEREFREIHEIT ab:<\/p>\n<p>Glavotok d.o.o. ist bestrebt, seine Website gem\u00e4\u00df dem Gesetz \u00fcber den barrierefreien Zugang zu den Websites und mobilen Anwendungen \u00f6ffentlicher Stellen (Amtsblatt \u201eNarodne novine\u201c, Nr. 17\/2019) zug\u00e4nglich zu machen, welches die Richtlinie (EU) 2016\/2102 des Europ\u00e4ischen Parlaments und des Rates umsetzt.<\/p>\n<p>Dar\u00fcber hinaus strebt Glavotok d.o.o. an, seine Website an die Richtlinien der <i>Web Accessibility Initiative (WAI)<\/i> zur Gew\u00e4hrleistung der Barrierefreiheit von Webinhalten anzupassen.<\/p>\n<p>Diese Erkl\u00e4rung gilt f\u00fcr die Website: www.kamp-glavotok.eu.<\/p>\n<p><b>Konformit\u00e4tsgrad<\/b><\/p>\n<p>Diese Website erf\u00fcllt teilweise die Anforderungen des Gesetzes \u00fcber den barrierefreien Zugang zu den Websites und mobilen Anwendungen \u00f6ffentlicher Stellen (Amtsblatt \u201eNarodne novine\u201c, Nr. 17\/19) und der Richtlinie (EU) 2016\/2012 des Europ\u00e4ischen Parlaments und des Rates sowie die Richtlinien der <i>Web Accessibility Initiative (WAI)<\/i> zur Gew\u00e4hrleistung der Barrierefreiheit von Webinhalten.<span class=\"Apple-converted-space\">\u00a0<\/span><\/p>\n<p><b>Nicht barrierefreie Inhalte<\/b><\/p>\n<p>Gem\u00e4\u00df Artikel 8 des Gesetzes \u00fcber den barrierefreien Zugang zu den Websites und mobilen Anwendungen \u00f6ffentlicher Stellen (Amtsblatt \u201eNarodne novine\u201c, Nr. 17\/19) und Artikel 5 der Richtlinie (EU) 2016\/2012 des Europ\u00e4ischen Parlaments und des Rates sowie den Richtlinien der <i>Web Accessibility Initiative (WAI) <\/i>zur Gew\u00e4hrleistung der Barrierefreiheit von Webinhalten hat Obrt Glavotok d.o.o. eine erste Bewertung der Konformit\u00e4t ihrer Website mit den Anforderungen an die Barrierefreiheit durchgef\u00fchrt.<\/p>\n<p><b>Folgende M\u00e4ngel wurden festgestellt:<\/b><\/p>\n<p>Die Website ist nicht vollst\u00e4ndig an die HTML5-Standards angepasst. Aufgrund technischer Einschr\u00e4nkungen der Webseite ist eine vollst\u00e4ndige Anpassung nicht m\u00f6glich. Dies hindert jedoch alle Nutzer, unabh\u00e4ngig von ihren F\u00e4higkeiten, nicht am Zugriff und der Nutzung der Website.<\/p>\n<p>Ein Teil der Fotos und\/oder der nicht-textlichen Inhalte auf der Website ist dekorativer Natur oder dient ausschlie\u00dflich der visuellen Gestaltung. Daher verf\u00fcgen sie gem\u00e4\u00df Punkt 5.1.3.6. der europ\u00e4ischen Norm EN 301 549 V2.1.2 (2018-08), die in Artikel 7 Absatz 1 des Gesetzes \u00fcber den barrierefreien Zugang festgelegt ist, nicht \u00fcber eine eigene Alternativbeschreibung (und m\u00fcssen diese auch nicht haben).<\/p>\n<p>Einige Texte sind nicht linksb\u00fcndig ausgerichtet.<\/p>\n<p>Auf der Website befinden sich PDF-Dokumente im Bildformat, die nicht auf den Computer heruntergeladen und nicht mit einem Bildschirmleser gelesen werden k\u00f6nnen.<\/p>\n<p>Integrierte interaktive Elemente wie der Schieberegler auf der Startseite sowie der integrierte PDF-Dokument\/Katalogleser sind nicht mit Ger\u00e4ten f\u00fcr Menschen mit Behinderungen bedienbar, und es wird keine Alternative angeboten.<span class=\"Apple-converted-space\">\u00a0<\/span><\/p>\n<p>Text in Form von Bilddateien wird in dynamischen Bereichen der Seite verwendet (Schieberegler, Maus\u00fcberg\u00e4nge und Animationen).<\/p>\n<p>Einige Elemente, die nicht dauerhaft angezeigt werden, lassen sich nicht durch Ber\u00fchrung\/Klicken mit der Maus \u00f6ffnen und schlie\u00dfen, sondern nur durch das \u00dcberfahren mit dem Mauszeiger.<\/p>\n<p>Glavotok d.o.o. arbeitet an der Beseitigung der festgestellten Nichteinhaltungen und wird bem\u00fcht sein, diese so bald wie m\u00f6glich zu beheben.<\/p>\n<p><b>Erstellung dieser Erkl\u00e4rung zur Barrierefreiheit<\/b><\/p>\n<p>Als \u00f6ffentliche Einrichtung ist Glavotok d.o.o. bestrebt, seine Website www.kamp-glavotok.eu gem\u00e4\u00df dem Gesetz \u00fcber den barrierefreien Zugang zu den Websites und mobilen Anwendungen \u00f6ffentlicher Stellen der Republik Kroatien (Amtsblatt \u201eNarodne novine\u201c, Nr. 17\/19) vom 23. September 2019 barrierefrei zu gestalten, durch das die Richtlinie (EU) 2016\/2102 des Europ\u00e4ischen Parlaments und des Rates \u00fcber den barrierefreien Zugang zu den Websites und mobilen Anwendungen \u00f6ffentlicher Stellen im nationalen Recht umgesetzt wird.<span class=\"Apple-converted-space\">\u00a0<\/span><\/p>\n<p>Glavotok d.o.o. wird Korrekturma\u00dfnahmen durchf\u00fchren, um die Probleme mit nicht barrierefreien Inhalten seiner Website so weit wie m\u00f6glich zu beheben.<\/p>\n<p>Fehler im Bereich Kontrast und Schriftgr\u00f6\u00dfen\u00e4nderung wurden durch die Installation des <i>WP Accessibility Tools Plugins<\/i> behoben \u2013 eines Barrierefreiheitswerkzeugs, das durch das \u00dcberfahren des Mauszeigers in der oberen rechten Ecke der Website aktiviert wird.<\/p>\n<p>Diese Erkl\u00e4rung wurde am 01. Juli 2024 gem\u00e4\u00df dem Muster f\u00fcr Erkl\u00e4rungen zur Barrierefreiheit gem\u00e4\u00df der Richtlinie (EU) 2016\/2102 des Europ\u00e4ischen Parlaments und des Rates \u00fcber den barrierefreien Zugang zu den Websites und mobilen Anwendungen \u00f6ffentlicher Stellen erstellt und durch den Durchf\u00fchrungsbeschluss der EU-Kommission 2018\/1523 vom 11. Oktober 2018 festgelegt.<\/p>\n<p>F\u00fcr die Erstellung dieser Erkl\u00e4rung wurde die Methode der Selbstbewertung, die vom \u00f6ffentlichen Sektor durchgef\u00fchrt wurde, sowie die Methoden zum Testen der Berrierefreiheit <i>WAVE Web Accessibility Evaluation Tool<\/i> und <i>WAVE Web Accessibility Evaluation Tool<\/i> verwendet.<\/p>\n<p><b>Feedback und Kontaktdaten<\/b><\/p>\n<p>Durch das Einreichen eines Antrags k\u00f6nnen Sie Feedback, bzw. R\u00fcckmeldungen erhalten und\/oder festgestellte Unregelm\u00e4\u00dfigkeiten im Sinne des Gesetzes \u00fcber den barrierefreien Zugang zu den Websites und mobilen Anwendungen \u00f6ffentlicher Stellen (Amtsblatt \u201eNarodne novine\u201c, 17\/19) sowie der Richtlinie (EU) 2016\/2012 des Europ\u00e4ischen Parlaments und des Rates melden. Den Antrag k\u00f6nnen Sie schriftlich an Glavotok d.o.o. unter folgender Adresse richten:<\/p>\n<p>Adresse: Glavotok 4, 51500 Krk, Kroatien<\/p>\n<p><b>Verfahren zur \u00dcberwachung der Umsetzung von Vorschriften<\/b><\/p>\n<p>Die Umsetzung des Gesetzes \u00fcber den barrierefreien Zugang zu den Websites und mobilen Anwendungen \u00f6ffentlicher Stellen (Amtsblatt \u201eNarodne novine\u201c, 17\/19) wird vom Informationsbeauftragten der Republik Kroatien \u00fcberwacht.<\/p>\n<p>Die Inspektion der Umsetzung des Gesetzes \u00fcber den barrierefreien Zugang zu den Websites und mobilen Anwendungen \u00f6ffentlicher Stellen (Amtsblatt \u201eNarodne novine\u201c, 17\/19) wird von Inspektoren und anderen befugten Mitarbeitern des B\u00fcros des Informationsbeauftragten wahrgenommen.<\/p>\n<p>F\u00fcr die Aufsicht gelten die Bestimmungen des Gesetzes \u00fcber das Recht auf Zugang zu Informationen (Amtsblatt \u201eNarodne novine\u201c, 25\/13 und 85\/15).<\/p>\n<p>Im Falle unzureichender Antworten auf eine Mitteilung oder einen Antrag auf Feedback, bzw. R\u00fcckmeldungen zur Barrierefreiheit dieser Website, k\u00f6nnen sich die Nutzer an den Informationsbeauftragten wenden:<\/p>\n<ul>\n<li>telefonisch unter: +385 51 867 880<\/li>\n<li>per Post an: Glavotok 4, 51500 Krk, Kroatien<\/li>\n<li>per E-Mail an: info@dev.kamp-glavotok.hr<\/li>\n<\/ul>\n<\/div><\/div><\/div><div class=\"fusion-layout-column fusion_builder_column fusion-builder-column-2 fusion_builder_column_1_6 1_6 fusion-flex-column\" style=\"--awb-bg-blend:overlay;--awb-bg-size:cover;--awb-width-large:16.666666666667%;--awb-margin-top-large:0px;--awb-spacing-right-large:11.52%;--awb-margin-bottom-large:20px;--awb-spacing-left-large:11.52%;--awb-width-medium:16.666666666667%;--awb-spacing-right-medium:11.52%;--awb-spacing-left-medium:11.52%;--awb-width-small:100%;--awb-spacing-right-small:1.92%;--awb-spacing-left-small:1.92%;\"><div class=\"fusion-column-wrapper fusion-flex-justify-content-flex-start fusion-content-layout-column\"><\/div><\/div><\/div><\/div>\n","protected":false},"excerpt":{"rendered":"","protected":false},"author":1,"featured_media":0,"parent":0,"menu_order":0,"comment_status":"closed","ping_status":"open","template":"","meta":{"_acf_changed":false,"footnotes":""},"class_list":["post-6397","page","type-page","status-publish","hentry"],"acf":[],"yoast_head":"<!-- This site is optimized with the Yoast SEO plugin v26.9 - https:\/\/yoast.com\/product\/yoast-seo-wordpress\/ -->\n<title>Erkl\u00e4rung zur Barrierefreiheit - Glavotok<\/title>\n<meta name=\"robots\" content=\"index, follow, max-snippet:-1, max-image-preview:large, max-video-preview:-1\" \/>\n<link rel=\"canonical\" href=\"https:\/\/dev.kamp-glavotok.hr\/izjava-o-pristupacnosti\/\" \/>\n<meta property=\"og:locale\" content=\"de_DE\" \/>\n<meta property=\"og:type\" content=\"article\" \/>\n<meta property=\"og:title\" content=\"Erkl\u00e4rung zur Barrierefreiheit - Glavotok\" \/>\n<meta property=\"og:url\" content=\"https:\/\/dev.kamp-glavotok.hr\/izjava-o-pristupacnosti\/\" \/>\n<meta property=\"og:site_name\" content=\"Glavotok\" \/>\n<meta property=\"article:modified_time\" content=\"2025-12-24T10:29:05+00:00\" \/>\n<meta name=\"twitter:card\" content=\"summary_large_image\" \/>\n<meta name=\"twitter:label1\" content=\"Gesch\u00e4tzte Lesezeit\" \/>\n\t<meta name=\"twitter:data1\" content=\"7\u00a0Minuten\" \/>\n<script type=\"application\/ld+json\" class=\"yoast-schema-graph\">{\"@context\":\"https:\/\/schema.org\",\"@graph\":[{\"@type\":\"WebPage\",\"@id\":\"https:\/\/dev.kamp-glavotok.hr\/izjava-o-pristupacnosti\/\",\"url\":\"https:\/\/dev.kamp-glavotok.hr\/izjava-o-pristupacnosti\/\",\"name\":\"Erkl\u00e4rung zur Barrierefreiheit - Glavotok\",\"isPartOf\":{\"@id\":\"https:\/\/dev.kamp-glavotok.hr\/#website\"},\"datePublished\":\"2025-08-20T13:33:10+00:00\",\"dateModified\":\"2025-12-24T10:29:05+00:00\",\"breadcrumb\":{\"@id\":\"https:\/\/dev.kamp-glavotok.hr\/izjava-o-pristupacnosti\/#breadcrumb\"},\"inLanguage\":\"de\",\"potentialAction\":[{\"@type\":\"ReadAction\",\"target\":[\"https:\/\/dev.kamp-glavotok.hr\/izjava-o-pristupacnosti\/\"]}]},{\"@type\":\"BreadcrumbList\",\"@id\":\"https:\/\/dev.kamp-glavotok.hr\/izjava-o-pristupacnosti\/#breadcrumb\",\"itemListElement\":[{\"@type\":\"ListItem\",\"position\":1,\"name\":\"Po\u010detna stranica\",\"item\":\"https:\/\/dev.kamp-glavotok.hr\/\"},{\"@type\":\"ListItem\",\"position\":2,\"name\":\"Erkl\u00e4rung zur Barrierefreiheit\"}]},{\"@type\":\"WebSite\",\"@id\":\"https:\/\/dev.kamp-glavotok.hr\/#website\",\"url\":\"https:\/\/dev.kamp-glavotok.hr\/\",\"name\":\"Glavotok\",\"description\":\"Premium green camp\",\"potentialAction\":[{\"@type\":\"SearchAction\",\"target\":{\"@type\":\"EntryPoint\",\"urlTemplate\":\"https:\/\/dev.kamp-glavotok.hr\/?s={search_term_string}\"},\"query-input\":{\"@type\":\"PropertyValueSpecification\",\"valueRequired\":true,\"valueName\":\"search_term_string\"}}],\"inLanguage\":\"de\"}]}<\/script>\n<!-- \/ Yoast SEO plugin. -->","yoast_head_json":{"title":"Erkl\u00e4rung zur Barrierefreiheit - Glavotok","robots":{"index":"index","follow":"follow","max-snippet":"max-snippet:-1","max-image-preview":"max-image-preview:large","max-video-preview":"max-video-preview:-1"},"canonical":"https:\/\/dev.kamp-glavotok.hr\/izjava-o-pristupacnosti\/","og_locale":"de_DE","og_type":"article","og_title":"Erkl\u00e4rung zur Barrierefreiheit - Glavotok","og_url":"https:\/\/dev.kamp-glavotok.hr\/izjava-o-pristupacnosti\/","og_site_name":"Glavotok","article_modified_time":"2025-12-24T10:29:05+00:00","twitter_card":"summary_large_image","twitter_misc":{"Gesch\u00e4tzte Lesezeit":"7\u00a0Minuten"},"schema":{"@context":"https:\/\/schema.org","@graph":[{"@type":"WebPage","@id":"https:\/\/dev.kamp-glavotok.hr\/izjava-o-pristupacnosti\/","url":"https:\/\/dev.kamp-glavotok.hr\/izjava-o-pristupacnosti\/","name":"Erkl\u00e4rung zur Barrierefreiheit - Glavotok","isPartOf":{"@id":"https:\/\/dev.kamp-glavotok.hr\/#website"},"datePublished":"2025-08-20T13:33:10+00:00","dateModified":"2025-12-24T10:29:05+00:00","breadcrumb":{"@id":"https:\/\/dev.kamp-glavotok.hr\/izjava-o-pristupacnosti\/#breadcrumb"},"inLanguage":"de","potentialAction":[{"@type":"ReadAction","target":["https:\/\/dev.kamp-glavotok.hr\/izjava-o-pristupacnosti\/"]}]},{"@type":"BreadcrumbList","@id":"https:\/\/dev.kamp-glavotok.hr\/izjava-o-pristupacnosti\/#breadcrumb","itemListElement":[{"@type":"ListItem","position":1,"name":"Po\u010detna stranica","item":"https:\/\/dev.kamp-glavotok.hr\/"},{"@type":"ListItem","position":2,"name":"Erkl\u00e4rung zur Barrierefreiheit"}]},{"@type":"WebSite","@id":"https:\/\/dev.kamp-glavotok.hr\/#website","url":"https:\/\/dev.kamp-glavotok.hr\/","name":"Glavotok","description":"Premium green camp","potentialAction":[{"@type":"SearchAction","target":{"@type":"EntryPoint","urlTemplate":"https:\/\/dev.kamp-glavotok.hr\/?s={search_term_string}"},"query-input":{"@type":"PropertyValueSpecification","valueRequired":true,"valueName":"search_term_string"}}],"inLanguage":"de"}]}},"_links":{"self":[{"href":"https:\/\/dev.kamp-glavotok.hr\/de\/wp-json\/wp\/v2\/pages\/6397","targetHints":{"allow":["GET"]}}],"collection":[{"href":"https:\/\/dev.kamp-glavotok.hr\/de\/wp-json\/wp\/v2\/pages"}],"about":[{"href":"https:\/\/dev.kamp-glavotok.hr\/de\/wp-json\/wp\/v2\/types\/page"}],"author":[{"embeddable":true,"href":"https:\/\/dev.kamp-glavotok.hr\/de\/wp-json\/wp\/v2\/users\/1"}],"replies":[{"embeddable":true,"href":"https:\/\/dev.kamp-glavotok.hr\/de\/wp-json\/wp\/v2\/comments?post=6397"}],"version-history":[{"count":1,"href":"https:\/\/dev.kamp-glavotok.hr\/de\/wp-json\/wp\/v2\/pages\/6397\/revisions"}],"predecessor-version":[{"id":6401,"href":"https:\/\/dev.kamp-glavotok.hr\/de\/wp-json\/wp\/v2\/pages\/6397\/revisions\/6401"}],"wp:attachment":[{"href":"https:\/\/dev.kamp-glavotok.hr\/de\/wp-json\/wp\/v2\/media?parent=6397"}],"curies":[{"name":"wp","href":"https:\/\/api.w.org\/{rel}","templated":true}]}}