{"id":5234,"date":"2025-09-09T09:38:45","date_gmt":"2025-09-09T09:38:45","guid":{"rendered":"https:\/\/kamp-glavotok.eu\/kucni-red\/"},"modified":"2025-12-23T12:50:25","modified_gmt":"2025-12-23T12:50:25","slug":"die-hausordnung","status":"publish","type":"page","link":"https:\/\/dev.kamp-glavotok.hr\/de\/die-hausordnung\/","title":{"rendered":"Die Hausordnung"},"content":{"rendered":"<div class=\"fusion-fullwidth fullwidth-box fusion-builder-row-1 fusion-flex-container has-pattern-background has-mask-background nonhundred-percent-fullwidth non-hundred-percent-height-scrolling\" style=\"--awb-background-position:left top;--awb-border-sizes-top:0px;--awb-border-sizes-bottom:0px;--awb-border-sizes-left:0px;--awb-border-sizes-right:0px;--awb-border-radius-top-left:0px;--awb-border-radius-top-right:0px;--awb-border-radius-bottom-right:0px;--awb-border-radius-bottom-left:0px;--awb-padding-top:100px;--awb-padding-bottom:0px;--awb-padding-top-medium:90px;--awb-padding-bottom-medium:90px;--awb-padding-top-small:65px;--awb-padding-bottom-small:40px;--awb-margin-bottom-medium:0px;--awb-background-color:var(--awb-color1);--awb-flex-wrap:wrap;\" ><div class=\"fusion-builder-row fusion-row fusion-flex-align-items-flex-start fusion-flex-justify-content-flex-end fusion-flex-content-wrap\" style=\"max-width:calc( 1200px + 80px );margin-left: calc(-80px \/ 2 );margin-right: calc(-80px \/ 2 );\"><div class=\"fusion-layout-column fusion_builder_column fusion-builder-column-0 fusion_builder_column_1_1 1_1 fusion-flex-column fusion-column-no-min-height fusion-animated\" style=\"--awb-padding-right-medium:0px;--awb-padding-left-medium:0px;--awb-bg-blend:overlay;--awb-bg-size:cover;--awb-width-large:100%;--awb-margin-top-large:0px;--awb-spacing-right-large:40px;--awb-margin-bottom-large:50px;--awb-spacing-left-large:40px;--awb-width-medium:50%;--awb-order-medium:0;--awb-spacing-right-medium:40px;--awb-margin-bottom-medium:49px;--awb-spacing-left-medium:40px;--awb-width-small:100%;--awb-order-small:0;--awb-spacing-right-small:40px;--awb-margin-bottom-small:0px;--awb-spacing-left-small:40px;\" data-animationType=\"fadeIn\" data-animationDuration=\"0.8\" data-animationOffset=\"top-into-view\" data-scroll-devices=\"small-visibility,medium-visibility,large-visibility\"><div class=\"fusion-column-wrapper fusion-column-has-shadow fusion-flex-justify-content-flex-start fusion-content-layout-column\"><div class=\"fusion-title title fusion-title-1 fusion-no-small-visibility fusion-sep-none fusion-title-text fusion-title-size-three\" style=\"--awb-margin-bottom:0px;\"><h3 class=\"fusion-title-heading title-heading-left\" style=\"margin:0;\">Campingplatzordnung<\/h3><\/div><div class=\"fusion-title title fusion-title-2 fusion-no-medium-visibility fusion-no-large-visibility fusion-sep-none fusion-title-text fusion-title-size-three\" style=\"--awb-margin-bottom:0px;--awb-margin-bottom-small:30px;--awb-font-size:30px;\"><h3 class=\"fusion-title-heading title-heading-left\" style=\"margin:0;font-size:1em;\">Campingplatzordnung<\/h3><\/div><\/div><\/div><div class=\"fusion-layout-column fusion_builder_column fusion-builder-column-1 fusion_builder_column_1_1 1_1 fusion-flex-column fusion-column-no-min-height fusion-animated\" style=\"--awb-padding-right-medium:0px;--awb-padding-left-medium:0px;--awb-bg-blend:overlay;--awb-bg-size:cover;--awb-width-large:100%;--awb-margin-top-large:0px;--awb-spacing-right-large:40px;--awb-margin-bottom-large:50px;--awb-spacing-left-large:40px;--awb-width-medium:50%;--awb-order-medium:0;--awb-spacing-right-medium:40px;--awb-margin-bottom-medium:49px;--awb-spacing-left-medium:40px;--awb-width-small:100%;--awb-order-small:0;--awb-spacing-right-small:40px;--awb-margin-bottom-small:30px;--awb-spacing-left-small:40px;\" data-animationType=\"fadeIn\" data-animationDuration=\"0.8\" data-animationOffset=\"top-into-view\" data-scroll-devices=\"small-visibility,medium-visibility,large-visibility\"><div class=\"fusion-column-wrapper fusion-column-has-shadow fusion-flex-justify-content-flex-start fusion-content-layout-column\"><div class=\"fusion-text fusion-text-1 fusion-text-no-margin\" style=\"--awb-text-color:hsla(var(--awb-color8-h),var(--awb-color8-s),var(--awb-color8-l),calc(var(--awb-color8-a) - 20%));--awb-margin-bottom:10px;\"><p><b>1)\u00a0 \u00a0 \u00a0 ALLGEMEINE BESTIMMUNGEN<\/b><b><\/b><\/p>\n<ol>\n<li>Die Campingplatzordnung dient dem Schutz der Interessen aller G\u00e4ste (nachfolgend \u201eCamper&#8220; genannt) auf der Campinganlage.<\/li>\n<li>Die vorliegenden Regeln schreiben die obligatorische Verhaltensweise der Camper bei der Nutzung aller Leistungen auf der Campinganlage vor, wie auch die Art und Weise des Gebrauchs der auf der Campinganlage befindlichen Ger\u00e4te und Ausstattungsgegenst\u00e4nde.<\/li>\n<\/ol>\n<p><b>2)\u00a0 \u00a0 \u00a0 AN- UND ABMELDUNG DER CAMPER<\/b><b><\/b><\/p>\n<ol>\n<li>Bei der Ankunft auf dem Campinggel\u00e4nde sind Camper verpflichtet, sich an der Rezeption der Campinganlage anzumelden. Bei der Anmeldung haben Camper die Ausweise aller Personen, die sich auf der Campinganlage aufhalten werden, zwecks Eintragung in das G\u00e4stebuch vorzulegen, wie auch alle Camping-Zusatzausstattung anzugeben, die sie auf dem Stellplatz haben werden. Der Zutritt oder das Einlassen nicht angemeldeter Personen auf die Campinganlage ist untersagt.<\/li>\n<li>Bei der Abreise vor dem endg\u00fcltigen Verlassen des Campingplatzes m\u00fcssen sich Camper an der Rezeption wieder abmelden und die Rechnungen f\u00fcr erbrachte Leistungen und Geb\u00fchren bezahlen. Rechnungszahlungen sind von 08.00 bis 12.00 Uhr bei Abreise am selben Tag sowie von 18.00 bis 20.00 bei Abreise am n\u00e4chsten Tag m\u00f6glich. Bei Abmeldungen nach 12.00 Uhr wird den Campern ein zus\u00e4tzlicher Tag berechnet. F\u00fcr die bezahlten Geb\u00fchren erhalten Camper eine Rechnung.<\/li>\n<li>Der Zutritt von Tagesg\u00e4sten zur Campinganlage ist ausschlie\u00dflich nach Genehmigung seitens der Rezeption zul\u00e4ssig.<\/li>\n<li>Die Anmeldung der Camper zum Stellplatz ist ab 13.00 Uhr m\u00f6glich. Der Stellplatz ist am Tag der Abreise bis 12.00 Uhr zu r\u00e4umen. Die Anmeldung zu Unterkunftsobjekten (Villen, Mobilheime und Bungalows) ist bis 16.00 Uhr m\u00f6glich. Diese Objekte sind am Tag der Abreise bis 10.00 Uhr zu r\u00e4umen.<\/li>\n<\/ol>\n<p><b>3)\u00a0 \u00a0 \u00a0 NUTZUNG DER CAMPINGANLAGE<\/b><b><\/b><\/p>\n<ol>\n<li>Der Stellplatz f\u00fcr die Campingausr\u00fcstung und die Abstellung des Fahrzeugs wird dem Camper von der Rezeption zugewiesen, je nach verf\u00fcgbaren Campingeinheiten und nicht markierten Stellen auf dem Campinggel\u00e4nde.<\/li>\n<li>Das Campen ist nur auf den daf\u00fcr vorgesehenen Stellen (markierte Campingeinheiten) gestattet.<\/li>\n<li>Ein Standplatzwechsel ist nur nach vorheriger Genehmigung seitens der Rezeption zul\u00e4ssig.<\/li>\n<li>Das (k\u00fcrzere oder l\u00e4ngere) Parken von Fahrzeugen auf den Wegen innerhalb der Campinganlage ist untersagt.<\/li>\n<li>Camper sind verpflichtet, ihre Stellpl\u00e4tze vor dem endg\u00fcltigen Verlassen der Campinganlage in Ordnung zu bringen und im gleichen Zustand zur\u00fccklassen, in dem sie sie vorgefunden haben.<\/li>\n<\/ol>\n<p><b>4)\u00a0 \u00a0 \u00a0 GEBRAUCH VON GER\u00c4TEN UND AUSSTATTUNG<\/b><b><\/b><\/p>\n<ol>\n<li>Den Campern steht der Gebrauch von elektrischen und gemeinschaftlichen Ger\u00e4ten und Ausstattung zur Verf\u00fcgung. Sie sind verpflichtet, die Ger\u00e4te und Ausstattung ordnungsgem\u00e4\u00df und zweckgerecht zu nutzen.<\/li>\n<li>Die Verwendung von Elektroger\u00e4ten (Kochplatten, K\u00fchlschr\u00e4nke, Klimaanlagen usw.), die nicht den Normen f\u00fcr den Einsatz auf Campingpl\u00e4tzen entsprechen, ist untersagt.<\/li>\n<li>Das Sp\u00fclen von Geschirr und W\u00e4schewaschen ist nur in den daf\u00fcr vorgesehenen R\u00e4umlichkeiten gestattet.<\/li>\n<li>Das Waschen von Fahrzeugen, \u00d6lwechsel am Fahrzeug usw. auf der Campinganlage ist untersagt.<\/li>\n<li>Waschbecken, Wannen, Duschen, Urinale und Toiletten m\u00fcssen ordnungsgem\u00e4\u00df und zweckgerecht benutzt werden, wobei zu beachten ist, dass es sich um gemeinsame sanit\u00e4re Einrichtungen handelt, die f\u00fcr alle Campingg\u00e4ste bestimmt sind.<\/li>\n<li>Der Anschluss an und die Trennung vom Stromnetz (Verteilerkasten) sind ausschlie\u00dflich von einem fachkundigen Mitarbeiter der Campinganlage vorzunehmen.<\/li>\n<\/ol>\n<p><b>5)\u00a0 \u00a0 \u00a0 VERWAHRUNG PERS\u00d6NLICHER GEBRAUCHSGEGENST\u00c4NDE UND HAFTUNG BEI VERLETZUNGEN AUF DER CAMPINGANLAGE<\/b><b><\/b><\/p>\n<ol>\n<li>Jeder Camper hat selbst auf seine pers\u00f6nlichen Gebrauchsgegenst\u00e4nde und Sachen auf der Campinganlage zu achten.<\/li>\n<li>Die Platzleitung \u00fcbernimmt keinerlei Verantwortung f\u00fcr verloren gegangene oder besch\u00e4digte Gegenst\u00e4nde im Eigentum der Camper. Sie haftet auch nicht f\u00fcr Unf\u00e4lle oder Verletzungen, die durch eigene Unachtsamkeit der Camper verursacht wurden.<\/li>\n<\/ol>\n<p><b>6)\u00a0 \u00a0 \u00a0 UMWELTSCHUTZ AUF DER CAMPINGANLAGE<\/b><b><\/b><\/p>\n<ol>\n<li>Camper m\u00fcssen f\u00fcr feste Abf\u00e4lle die Abfallbeh\u00e4lter verwenden, die ihnen auf dem Campinggel\u00e4nde zur Verf\u00fcgung stehen.<\/li>\n<li>Das Zur\u00fccklassen oder die Entsorgung fester Abf\u00e4lle au\u00dferhalb der daf\u00fcr vorgesehenen Beh\u00e4lter ist nicht zul\u00e4ssig.<\/li>\n<li>Camper haben den Bereich, in dem sie sich aufhalten, sauber und ordentlich zu halten.<\/li>\n<li>Camper sind verpflichtet, auf Anpflanzungen und Gr\u00fcnanlagen auf dem Campingplatz zu achten.<\/li>\n<li>Das Abrei\u00dfen von \u00c4sten und Zweigen wie auch das Besch\u00e4digen (N\u00e4gel einschlagen) und F\u00e4llen von B\u00e4umen ist untersagt.<\/li>\n<\/ol>\n<p><b>7)\u00a0 \u00a0 \u00a0 \u00d6FFENTLICHE RUHE UND ORDNUNG AUF DER CAMPINGANLAGE<\/b><b><\/b><\/p>\n<ol>\n<li>Camper haben die \u00f6ffentliche Ordnung und Ruhe auf der Campinganlage zu beachten.<\/li>\n<li>Die Nachtruhe auf der Campinganlage dauert von 23.00 bis 07.00 Uhr. In dieser Zeit k\u00f6nnen keine Stellpl\u00e4tze bezogen werden, und Camper k\u00f6nnen die Campinganlage nicht wegen n\u00e4chtlicher Abreise verlassen.<\/li>\n<li>Nach 22.00 Uhr ankommende G\u00e4ste k\u00f6nnen bei vorheriger Anmeldung an der Rezeption auf dem Parkplatz der Campinganlage parken.<\/li>\n<li>Der Gebrauch von Radio oder Fernseher, laute Gespr\u00e4che oder Gesang, die ruhest\u00f6renden L\u00e4rm verursachen, sind verboten.<\/li>\n<\/ol>\n<p><b>8)\u00a0 \u00a0 \u00a0 BRANDSCHUTZ<\/b><b><\/b><\/p>\n<ol>\n<li>Die Campinganlage verf\u00fcgt \u00fcber Ausstattung und Feuerl\u00f6scher, die im Brandfall von allen Campern oder vom Feuerwehrteam der Platzleitung verwendet werden m\u00fcssen.<\/li>\n<li>Es ist verboten, offene Feuer zu entz\u00fcnden oder Feuerstellen anzulegen, au\u00dfer an den daf\u00fcr standardm\u00e4\u00dfig vorgesehenen Grillstellen. Wenn objektive Brandgefahr besteht, ist das Entz\u00fcnden offenen Feuers jeglicher Art untersagt.<\/li>\n<li>Das Mitnehmen leicht entflammbarer und explosiver Substanzen auf das Campinggel\u00e4nde ist verboten.<\/li>\n<li>Falls auf dem Campinggel\u00e4nde oder in unmittelbarer N\u00e4he ein Brand ausbricht, sind Camper verpflichtet, sich an den organisierten L\u00f6schma\u00dfnahmen zu beteiligen.<\/li>\n<\/ol>\n<p><b>9)\u00a0 \u00a0 \u00a0 CAMPEN MIT HUNDEN<\/b><b><\/b><\/p>\n<ol>\n<li>Hundehalter sind verpflichtet, den Hund bei der Anmeldung an der Rezeption anzumelden.<\/li>\n<li>Der Hundehalter hat den Hund st\u00e4ndig zu beaufsichtigen und sicher zu f\u00fchren.<\/li>\n<li>Auf dem ganzen Campinggel\u00e4nde gilt Leinenpflicht. Gr\u00f6\u00dfere Hunde m\u00fcssen einen Maulkorb tragen und an kurzer Leine gef\u00fchrt werden.<\/li>\n<li>Langanhaltendes Hundegebell w\u00e4hrend der Nachtruhe ist zu vermeiden. Die Nachtruhe von 23.00 bis 07.00 Uhr gilt auch f\u00fcr Hunde.<\/li>\n<li>Hundehalter haften f\u00fcr alle Sch\u00e4den, die ihr Hund anderen Hunden, Personen oder dem Campingplatz zugef\u00fcgt hat.<\/li>\n<li>Der Hundehalter ist verpflichtet, Hundekot zu entfernen, in einen Plastikbeutel aufzusammeln und diesen dann in entsprechende Beh\u00e4lter zu entsorgen.<\/li>\n<li>Hunde d\u00fcrfen nur in daf\u00fcr vorgesehenen Zonen im Meer baden.<\/li>\n<li>Im Falle eines schwereren Versto\u00dfes oder einer wiederholten Missachtung der Regel beh\u00e4lt sich die Leitung der Campinganlage Glavotok das Recht vor, dem Hundehalter einen Platzverweis zu erteilen.<\/li>\n<\/ol>\n<p><b>10)\u00a0 \u00a0SONSTIGE REGELN<\/b><b><\/b><\/p>\n<ol>\n<li>Camper werden gebeten, eventuelle Besch\u00e4digungen, defekte Installationen oder Ger\u00e4te sowie jegliche Verst\u00f6\u00dfe gegen die Campingplatzordnung an der Rezeption der Campinganlage anzuzeigen.<\/li>\n<li>Reklamationen hinsichtlich des Betriebs oder der Leistungen der Campinganlage k\u00f6nnen von den Campern (Besuchern) folgenderma\u00dfen in Schriftform vorgebracht werden:<\/li>\n<\/ol>\n<ul>\n<li>in den R\u00e4umlichkeiten dieses Unterkunftsobjektes;<\/li>\n<li>per Post an die Anschrift: Glavotok d.o.o., Glavotok 4, 51500 Krk<\/li>\n<li>an die E-Mail-Adresse: info@dev.kamp-glavotok.hr<\/li>\n<\/ul>\n<p><b>11)\u00a0 \u00a0FOLGEN DER MISSACHTUNG DER CAMPINGPLATZORDNUNG<\/b><b><\/b><\/p>\n<ol>\n<li>Camper haben sich strikt an alle Bestimmungen der Campingplatzordnung zu halten.<\/li>\n<li>Falls eine Missachtung der Verhaltensregeln festgestellt wird, kann die Platzleitung den Campern die Erbringung von Leistungen auf dem Campingplatz k\u00fcndigen.<\/li>\n<li>Im Falle einer K\u00fcndigung der Erbringung von Leistungen auf dem Campingplatz gem\u00e4\u00df den Bestimmungen aus Absatz 2 dieses Punktes sind Camper verpflichtet, f\u00fcr den entstandenen Schaden Ersatz zu leisten.<\/li>\n<\/ol>\n<p>F\u00fcr weitere Informationen wenden Sie sich bitte an die Rezeption der Campinganlage.<\/p>\n<p>Wir danken f\u00fcr Ihre Aufmerksamkeit und w\u00fcnschen Ihnen einen angenehmen Urlaub auf unserer Campinganlage!<\/p>\n<p>CAMPINGPLATZVERWALTUNG<\/p>\n<\/div><\/div><\/div><\/div><\/div>\n","protected":false},"excerpt":{"rendered":"","protected":false},"author":1,"featured_media":0,"parent":0,"menu_order":0,"comment_status":"closed","ping_status":"closed","template":"100-width.php","meta":{"_acf_changed":false,"footnotes":""},"class_list":["post-5234","page","type-page","status-publish","hentry"],"acf":[],"yoast_head":"<!-- This site is optimized with the Yoast SEO plugin v26.9 - https:\/\/yoast.com\/product\/yoast-seo-wordpress\/ -->\n<title>Die Hausordnung - Glavotok<\/title>\n<meta name=\"robots\" content=\"index, follow, max-snippet:-1, max-image-preview:large, max-video-preview:-1\" \/>\n<link rel=\"canonical\" href=\"https:\/\/dev.kamp-glavotok.hr\/kucni-red\/\" \/>\n<meta property=\"og:locale\" content=\"de_DE\" \/>\n<meta property=\"og:type\" content=\"article\" \/>\n<meta property=\"og:title\" content=\"Die Hausordnung - Glavotok\" \/>\n<meta property=\"og:url\" content=\"https:\/\/dev.kamp-glavotok.hr\/kucni-red\/\" \/>\n<meta property=\"og:site_name\" content=\"Glavotok\" \/>\n<meta property=\"article:modified_time\" content=\"2025-12-23T12:50:25+00:00\" \/>\n<meta name=\"twitter:card\" content=\"summary_large_image\" \/>\n<meta name=\"twitter:label1\" content=\"Gesch\u00e4tzte Lesezeit\" \/>\n\t<meta name=\"twitter:data1\" content=\"14\u00a0Minuten\" \/>\n<script type=\"application\/ld+json\" class=\"yoast-schema-graph\">{\"@context\":\"https:\/\/schema.org\",\"@graph\":[{\"@type\":\"WebPage\",\"@id\":\"https:\/\/dev.kamp-glavotok.hr\/kucni-red\/\",\"url\":\"https:\/\/dev.kamp-glavotok.hr\/kucni-red\/\",\"name\":\"Die Hausordnung - Glavotok\",\"isPartOf\":{\"@id\":\"https:\/\/dev.kamp-glavotok.hr\/#website\"},\"datePublished\":\"2025-09-09T09:38:45+00:00\",\"dateModified\":\"2025-12-23T12:50:25+00:00\",\"breadcrumb\":{\"@id\":\"https:\/\/dev.kamp-glavotok.hr\/kucni-red\/#breadcrumb\"},\"inLanguage\":\"de\",\"potentialAction\":[{\"@type\":\"ReadAction\",\"target\":[\"https:\/\/dev.kamp-glavotok.hr\/kucni-red\/\"]}]},{\"@type\":\"BreadcrumbList\",\"@id\":\"https:\/\/dev.kamp-glavotok.hr\/kucni-red\/#breadcrumb\",\"itemListElement\":[{\"@type\":\"ListItem\",\"position\":1,\"name\":\"Po\u010detna stranica\",\"item\":\"https:\/\/dev.kamp-glavotok.hr\/\"},{\"@type\":\"ListItem\",\"position\":2,\"name\":\"Die Hausordnung\"}]},{\"@type\":\"WebSite\",\"@id\":\"https:\/\/dev.kamp-glavotok.hr\/#website\",\"url\":\"https:\/\/dev.kamp-glavotok.hr\/\",\"name\":\"Glavotok\",\"description\":\"Premium green camp\",\"potentialAction\":[{\"@type\":\"SearchAction\",\"target\":{\"@type\":\"EntryPoint\",\"urlTemplate\":\"https:\/\/dev.kamp-glavotok.hr\/?s={search_term_string}\"},\"query-input\":{\"@type\":\"PropertyValueSpecification\",\"valueRequired\":true,\"valueName\":\"search_term_string\"}}],\"inLanguage\":\"de\"}]}<\/script>\n<!-- \/ Yoast SEO plugin. -->","yoast_head_json":{"title":"Die Hausordnung - Glavotok","robots":{"index":"index","follow":"follow","max-snippet":"max-snippet:-1","max-image-preview":"max-image-preview:large","max-video-preview":"max-video-preview:-1"},"canonical":"https:\/\/dev.kamp-glavotok.hr\/kucni-red\/","og_locale":"de_DE","og_type":"article","og_title":"Die Hausordnung - Glavotok","og_url":"https:\/\/dev.kamp-glavotok.hr\/kucni-red\/","og_site_name":"Glavotok","article_modified_time":"2025-12-23T12:50:25+00:00","twitter_card":"summary_large_image","twitter_misc":{"Gesch\u00e4tzte Lesezeit":"14\u00a0Minuten"},"schema":{"@context":"https:\/\/schema.org","@graph":[{"@type":"WebPage","@id":"https:\/\/dev.kamp-glavotok.hr\/kucni-red\/","url":"https:\/\/dev.kamp-glavotok.hr\/kucni-red\/","name":"Die Hausordnung - Glavotok","isPartOf":{"@id":"https:\/\/dev.kamp-glavotok.hr\/#website"},"datePublished":"2025-09-09T09:38:45+00:00","dateModified":"2025-12-23T12:50:25+00:00","breadcrumb":{"@id":"https:\/\/dev.kamp-glavotok.hr\/kucni-red\/#breadcrumb"},"inLanguage":"de","potentialAction":[{"@type":"ReadAction","target":["https:\/\/dev.kamp-glavotok.hr\/kucni-red\/"]}]},{"@type":"BreadcrumbList","@id":"https:\/\/dev.kamp-glavotok.hr\/kucni-red\/#breadcrumb","itemListElement":[{"@type":"ListItem","position":1,"name":"Po\u010detna stranica","item":"https:\/\/dev.kamp-glavotok.hr\/"},{"@type":"ListItem","position":2,"name":"Die Hausordnung"}]},{"@type":"WebSite","@id":"https:\/\/dev.kamp-glavotok.hr\/#website","url":"https:\/\/dev.kamp-glavotok.hr\/","name":"Glavotok","description":"Premium green camp","potentialAction":[{"@type":"SearchAction","target":{"@type":"EntryPoint","urlTemplate":"https:\/\/dev.kamp-glavotok.hr\/?s={search_term_string}"},"query-input":{"@type":"PropertyValueSpecification","valueRequired":true,"valueName":"search_term_string"}}],"inLanguage":"de"}]}},"_links":{"self":[{"href":"https:\/\/dev.kamp-glavotok.hr\/de\/wp-json\/wp\/v2\/pages\/5234","targetHints":{"allow":["GET"]}}],"collection":[{"href":"https:\/\/dev.kamp-glavotok.hr\/de\/wp-json\/wp\/v2\/pages"}],"about":[{"href":"https:\/\/dev.kamp-glavotok.hr\/de\/wp-json\/wp\/v2\/types\/page"}],"author":[{"embeddable":true,"href":"https:\/\/dev.kamp-glavotok.hr\/de\/wp-json\/wp\/v2\/users\/1"}],"replies":[{"embeddable":true,"href":"https:\/\/dev.kamp-glavotok.hr\/de\/wp-json\/wp\/v2\/comments?post=5234"}],"version-history":[{"count":2,"href":"https:\/\/dev.kamp-glavotok.hr\/de\/wp-json\/wp\/v2\/pages\/5234\/revisions"}],"predecessor-version":[{"id":5239,"href":"https:\/\/dev.kamp-glavotok.hr\/de\/wp-json\/wp\/v2\/pages\/5234\/revisions\/5239"}],"wp:attachment":[{"href":"https:\/\/dev.kamp-glavotok.hr\/de\/wp-json\/wp\/v2\/media?parent=5234"}],"curies":[{"name":"wp","href":"https:\/\/api.w.org\/{rel}","templated":true}]}}